{"id":7227,"date":"2025-06-24T11:22:11","date_gmt":"2025-06-24T09:22:11","guid":{"rendered":"https:\/\/france.dev-xefi.manitoba-preprod.fr\/?page_id=7227"},"modified":"2025-09-05T11:55:12","modified_gmt":"2025-09-05T09:55:12","slug":"contacter-le-groupe","status":"publish","type":"page","link":"https:\/\/belgique.dev-xefi.manitoba-preprod.fr\/fr\/decouvrir-xefi\/a-propos-de-nous\/contacter-le-groupe\/","title":{"rendered":"Contacter le groupe"},"content":{"rendered":"\n<div class=\"wp-block-group alignfull is-layout-constrained wp-container-core-group-is-layout-a47e864c wp-block-group-is-layout-constrained\" style=\"padding-top:var(--wp--preset--spacing--80);padding-right:var(--wp--preset--spacing--50);padding-bottom:var(--wp--preset--spacing--80);padding-left:var(--wp--preset--spacing--50)\"><nav class=\"manitoba-intern-menu manitoba-intern-menu-cols-4 manitoba-intern-menu--hover-width wp-block-manitoba-page-location-intern-menu\" aria-label=\"Menu interne\">\n  <ul class=\"manitoba-intern-menu-grid\">\n            <li class=\"manitoba-intern-menu-grid-item\">\n                  <a href=\"https:\/\/belgique.dev-xefi.manitoba-preprod.fr\/fr\/decouvrir-xefi\/a-propos-de-nous\/ouvrir-une-franchise-xefi\/\" class=\"manitoba-intern-menu-item has-description\"\n         aria-labelledby=\"menu-title-0\"\n         aria-describedby=\"menu-desc-0\">\n                  <div class=\"manitoba-intern-menu-item-background\" style=\"background-image: url(https:\/\/france.dev-xefi.manitoba-preprod.fr\/wp-content\/uploads\/sites\/2\/2025\/07\/contacter-le-groupe-ouvrir-franchise-xefi-partenaire-informatique-des-tpe-pme-scaled.jpg);\" aria-hidden=\"true\"><\/div>\n          <div class=\"manitoba-intern-menu-item-overlay\">\n            <div class=\"manitoba-intern-menu-item-title-container\">\n              <h3 id=\"menu-title-0\" class=\"manitoba-intern-menu-item-title\">\n                <strong>Vous souhaitez devenir franchis\u00e9 XEFI<\/strong><\/h3>\n            <\/div>\n                        <div class=\"manitoba-intern-menu-item-description-container\">\n              <p id=\"menu-desc-0\" class=\"manitoba-intern-menu-item-description\">\n                Faites le choix de la performance et rejoignez notre r\u00e9seau !               <\/p>\n            <\/div>\n                      <\/div>\n                <\/a>\n          <\/li>\n        <li class=\"manitoba-intern-menu-grid-item\">\n                  <a href=\"https:\/\/academy.xefi.com\/\" class=\"manitoba-intern-menu-item has-description\"\n         target=\"_blank\" rel=\"noopener noreferrer\" aria-labelledby=\"menu-title-1\"\n         aria-describedby=\"menu-desc-1\">\n                  <div class=\"manitoba-intern-menu-item-background\" style=\"background-image: url(https:\/\/france.dev-xefi.manitoba-preprod.fr\/wp-content\/uploads\/sites\/2\/2025\/07\/contacter-le-groupe-formation-xefi-academy-ecole-it-alternance-xefi-partenaire-informatique-des-tpe-pme.png);\" aria-hidden=\"true\"><\/div>\n          <div class=\"manitoba-intern-menu-item-overlay\">\n            <div class=\"manitoba-intern-menu-item-title-container\">\n              <h3 id=\"menu-title-1\" class=\"manitoba-intern-menu-item-title\">\n                <strong>Vous cherchez une formation dans l\u2019IT<\/strong><\/h3>\n            <\/div>\n                        <div class=\"manitoba-intern-menu-item-description-container\">\n              <p id=\"menu-desc-1\" class=\"manitoba-intern-menu-item-description\">\n                Vous \u00eates passionn\u00e9s par les m\u00e9tiers du num\u00e9rique\u00a0? Int\u00e9grez notre formation en alternance au sein de la XEFI Academy\u00a0!\u00a0              <\/p>\n            <\/div>\n                      <\/div>\n                <\/a>\n          <\/li>\n        <li class=\"manitoba-intern-menu-grid-item\">\n                  <a href=\"https:\/\/carriere.xefi.fr\/\" class=\"manitoba-intern-menu-item has-description\"\n         target=\"_blank\" rel=\"noopener noreferrer\" aria-labelledby=\"menu-title-2\"\n         aria-describedby=\"menu-desc-2\">\n                  <div class=\"manitoba-intern-menu-item-background\" style=\"background-image: url(https:\/\/france.dev-xefi.manitoba-preprod.fr\/wp-content\/uploads\/sites\/2\/2025\/07\/contacter-le-groupe-carriere-travailler-chez-xefi-partenaire-informatique-des-tpe-pme-vf.png);\" aria-hidden=\"true\"><\/div>\n          <div class=\"manitoba-intern-menu-item-overlay\">\n            <div class=\"manitoba-intern-menu-item-title-container\">\n              <h3 id=\"menu-title-2\" class=\"manitoba-intern-menu-item-title\">\n                <strong>Vous souhaitez travailler chez XEFI<\/strong><\/h3>\n            <\/div>\n                        <div class=\"manitoba-intern-menu-item-description-container\">\n              <p id=\"menu-desc-2\" class=\"manitoba-intern-menu-item-description\">\n                Int\u00e9grez une entreprise ambitieuse, port\u00e9e par l&rsquo;esprit d&rsquo;\u00e9quipe !              <\/p>\n            <\/div>\n                      <\/div>\n                <\/a>\n          <\/li>\n        <li class=\"manitoba-intern-menu-grid-item\">\n                  <a href=\"#contact-store\" class=\"manitoba-intern-menu-item has-description\"\n         aria-labelledby=\"menu-title-3\"\n         aria-describedby=\"menu-desc-3\">\n                  <div class=\"manitoba-intern-menu-item-background\" style=\"background-image: url(https:\/\/france.dev-xefi.manitoba-preprod.fr\/wp-content\/uploads\/sites\/2\/2025\/07\/contacter-le-groupe-demande-de-devis-xefi-partenaire-informatique-des-tpe-et-pme.png);\" aria-hidden=\"true\"><\/div>\n          <div class=\"manitoba-intern-menu-item-overlay\">\n            <div class=\"manitoba-intern-menu-item-title-container\">\n              <h3 id=\"menu-title-3\" class=\"manitoba-intern-menu-item-title\">\n                <strong>Vous souhaitez faire une demande de devis<\/strong><\/h3>\n            <\/div>\n                        <div class=\"manitoba-intern-menu-item-description-container\">\n              <p id=\"menu-desc-3\" class=\"manitoba-intern-menu-item-description\">\n                Contactez-nous, nous reviendrons vers vous dans les meilleurs d\u00e9lais.              <\/p>\n            <\/div>\n                      <\/div>\n                <\/a>\n          <\/li>\n          <\/ul>\n<\/nav>\n<\/div>\n\n\n\n<div class=\"wp-block-group has-light-background-color has-background is-layout-constrained wp-container-core-group-is-layout-a47e864c wp-block-group-is-layout-constrained\" style=\"padding-top:var(--wp--preset--spacing--80);padding-right:var(--wp--preset--spacing--50);padding-bottom:var(--wp--preset--spacing--80);padding-left:var(--wp--preset--spacing--50)\">\n<h2 class=\"wp-block-heading has-text-align-center\">UNE AUTRE QUESTION&nbsp;?<mark class=\"has-inline-color has-primary-color\"> CONTACTEZ-NOUS&nbsp;!<\/mark><\/h2>\n\n\n\n<p class=\"has-text-align-center\" style=\"margin-bottom:var(--wp--preset--spacing--80)\">Notre \u00e9quipe est \u00e0 votre \u00e9coute pour r\u00e9pondre \u00e0 toutes vos demandes. <strong>Remplissez le formulaire ci-dessous, nous reviendrons vers vous rapidement.<\/strong><\/p>\n\n\n\n<div class=\"wp-block-group is-layout-constrained wp-container-core-group-is-layout-bea02a06 wp-block-group-is-layout-constrained\">\n<div class=\"wp-block-contact-form-7-contact-form-selector\">\n<div class=\"wpcf7 no-js\" id=\"wpcf7-f11813-o1\" lang=\"fr-FR\" dir=\"ltr\" data-wpcf7-id=\"11813\">\n<div class=\"screen-reader-response\"><p role=\"status\" aria-live=\"polite\" aria-atomic=\"true\"><\/p> <ul><\/ul><\/div>\n<form action=\"\/fr\/wp-json\/wp\/v2\/pages\/7227#wpcf7-f11813-o1\" method=\"post\" class=\"wpcf7-form init\" aria-label=\"Formulaire de contact\" novalidate=\"novalidate\" data-status=\"init\">\n<fieldset class=\"hidden-fields-container\"><input type=\"hidden\" name=\"_wpcf7\" value=\"11813\" \/><input type=\"hidden\" name=\"_wpcf7_version\" value=\"6.1.1\" \/><input type=\"hidden\" name=\"_wpcf7_locale\" value=\"fr_FR\" \/><input type=\"hidden\" name=\"_wpcf7_unit_tag\" value=\"wpcf7-f11813-o1\" \/><input type=\"hidden\" name=\"_wpcf7_container_post\" value=\"0\" \/><input type=\"hidden\" name=\"_wpcf7_posted_data_hash\" value=\"\" \/><input type=\"hidden\" name=\"_wpcf7_recaptcha_response\" value=\"\" \/>\n<\/fieldset>\n<p><label> Votre nom<br \/>\n<span class=\"wpcf7-form-control-wrap\" data-name=\"your-name\"><input size=\"40\" maxlength=\"400\" class=\"wpcf7-form-control wpcf7-text wpcf7-validates-as-required\" autocomplete=\"name\" aria-required=\"true\" aria-invalid=\"false\" value=\"\" type=\"text\" name=\"your-name\" \/><\/span> <\/label>\n<\/p>\n<p><label> Votre e-mail<br \/>\n<span class=\"wpcf7-form-control-wrap\" data-name=\"your-email\"><input size=\"40\" maxlength=\"400\" class=\"wpcf7-form-control wpcf7-email wpcf7-validates-as-required wpcf7-text wpcf7-validates-as-email\" autocomplete=\"email\" aria-required=\"true\" aria-invalid=\"false\" value=\"\" type=\"email\" name=\"your-email\" \/><\/span> <\/label>\n<\/p>\n<p><label> Objet<br \/>\n<span class=\"wpcf7-form-control-wrap\" data-name=\"your-subject\"><input size=\"40\" maxlength=\"400\" class=\"wpcf7-form-control wpcf7-text wpcf7-validates-as-required\" aria-required=\"true\" aria-invalid=\"false\" value=\"\" type=\"text\" name=\"your-subject\" \/><\/span> <\/label>\n<\/p>\n<p><label> Votre message (facultatif)<br \/>\n<span class=\"wpcf7-form-control-wrap\" data-name=\"your-message\"><textarea cols=\"40\" rows=\"10\" maxlength=\"2000\" class=\"wpcf7-form-control wpcf7-textarea\" aria-invalid=\"false\" name=\"your-message\"><\/textarea><\/span> <\/label>\n<\/p>\n<p><input class=\"wpcf7-form-control wpcf7-submit has-spinner\" type=\"submit\" value=\"Envoyer\" \/>\n<\/p><div class=\"wpcf7-response-output\" aria-hidden=\"true\"><\/div>\n<\/form>\n<\/div>\n<\/div>\n<\/div>\n<\/div>\n\n\n\n<p><\/p>\n","protected":false},"excerpt":{"rendered":"<p>UNE AUTRE QUESTION&nbsp;? CONTACTEZ-NOUS&nbsp;! Notre \u00e9quipe est \u00e0 votre \u00e9coute pour r\u00e9pondre \u00e0 toutes vos demandes. Remplissez le formulaire ci-dessous, nous reviendrons vers vous rapidement.<\/p>\n","protected":false},"author":1,"featured_media":0,"parent":145,"menu_order":56,"comment_status":"closed","ping_status":"closed","template":"","meta":{"_acf_changed":false,"footnotes":""},"class_list":["post-7227","page","type-page","status-publish","hentry","page_location-menu-mobile","page_location-menu-secondaire","page_location-page-de-contact"],"acf":[],"yoast_head":"<!-- This site is optimized with the Yoast SEO plugin v25.2 - https:\/\/yoast.com\/wordpress\/plugins\/seo\/ -->\n<title>Contacter le groupe - XEFI Belgique<\/title>\n<meta name=\"description\" content=\"Discutez avec un expert XEFI : devis rapide, accompagnement de proximit\u00e9 et solutions informatiques IT efficaces pour votre TPE\/PME.\" \/>\n<meta name=\"robots\" content=\"noindex, follow, max-snippet:-1, max-image-preview:large, max-video-preview:-1\" \/>\n<meta property=\"og:locale\" content=\"fr_FR\" \/>\n<meta property=\"og:type\" content=\"article\" \/>\n<meta property=\"og:title\" content=\"Contacter le groupe - XEFI Belgique\" \/>\n<meta property=\"og:description\" content=\"Discutez avec un expert XEFI : devis rapide, accompagnement de proximit\u00e9 et solutions informatiques IT efficaces pour votre TPE\/PME.\" \/>\n<meta property=\"og:url\" content=\"https:\/\/belgique.dev-xefi.manitoba-preprod.fr\/fr\/decouvrir-xefi\/a-propos-de-nous\/contacter-le-groupe\/\" \/>\n<meta property=\"og:site_name\" content=\"XEFI Belgique\" \/>\n<meta property=\"article:modified_time\" content=\"2025-09-05T09:55:12+00:00\" \/>\n<meta name=\"twitter:card\" content=\"summary_large_image\" \/>\n<meta name=\"twitter:label1\" content=\"Dur\u00e9e de lecture estim\u00e9e\" \/>\n\t<meta name=\"twitter:data1\" content=\"1 minute\" \/>\n<script type=\"application\/ld+json\" class=\"yoast-schema-graph\">{\"@context\":\"https:\/\/schema.org\",\"@graph\":[{\"@type\":[\"WebPage\",\"ContactPage\"],\"@id\":\"https:\/\/belgique.dev-xefi.manitoba-preprod.fr\/fr\/decouvrir-xefi\/a-propos-de-nous\/contacter-le-groupe\/\",\"url\":\"https:\/\/belgique.dev-xefi.manitoba-preprod.fr\/fr\/decouvrir-xefi\/a-propos-de-nous\/contacter-le-groupe\/\",\"name\":\"Contacter le groupe - XEFI Belgique\",\"isPartOf\":{\"@id\":\"http:\/\/belgique.dev-xefi.manitoba-preprod.fr\/fr\/#website\"},\"datePublished\":\"2025-06-24T09:22:11+00:00\",\"dateModified\":\"2025-09-05T09:55:12+00:00\",\"description\":\"Discutez avec un expert XEFI : devis rapide, accompagnement de proximit\u00e9 et solutions informatiques IT efficaces pour votre TPE\/PME.\",\"breadcrumb\":{\"@id\":\"https:\/\/belgique.dev-xefi.manitoba-preprod.fr\/fr\/decouvrir-xefi\/a-propos-de-nous\/contacter-le-groupe\/#breadcrumb\"},\"inLanguage\":\"fr-FR\",\"potentialAction\":[{\"@type\":\"ReadAction\",\"target\":[\"https:\/\/belgique.dev-xefi.manitoba-preprod.fr\/fr\/decouvrir-xefi\/a-propos-de-nous\/contacter-le-groupe\/\"]}]},{\"@type\":\"BreadcrumbList\",\"@id\":\"https:\/\/belgique.dev-xefi.manitoba-preprod.fr\/fr\/decouvrir-xefi\/a-propos-de-nous\/contacter-le-groupe\/#breadcrumb\",\"itemListElement\":[{\"@type\":\"ListItem\",\"position\":1,\"name\":\"Accueil\",\"item\":\"https:\/\/belgique.dev-xefi.manitoba-preprod.fr\/fr\/\"},{\"@type\":\"ListItem\",\"position\":2,\"name\":\"D\u00e9couvrir XEFI\",\"item\":\"https:\/\/belgique.dev-xefi.manitoba-preprod.fr\/fr\/decouvrir-xefi\/\"},{\"@type\":\"ListItem\",\"position\":3,\"name\":\"\u00c0 propos de nous\",\"item\":\"https:\/\/belgique.dev-xefi.manitoba-preprod.fr\/fr\/decouvrir-xefi\/a-propos-de-nous\/\"},{\"@type\":\"ListItem\",\"position\":4,\"name\":\"Contacter le groupe\"}]},{\"@type\":\"WebSite\",\"@id\":\"http:\/\/belgique.dev-xefi.manitoba-preprod.fr\/fr\/#website\",\"url\":\"http:\/\/belgique.dev-xefi.manitoba-preprod.fr\/fr\/\",\"name\":\"XEFI Belgique\",\"description\":\"XEFI, PARTENAIRE INFORMATIQUE DE PROXIMIT\u00c9 DES TPE\/PME\",\"potentialAction\":[{\"@type\":\"SearchAction\",\"target\":{\"@type\":\"EntryPoint\",\"urlTemplate\":\"http:\/\/belgique.dev-xefi.manitoba-preprod.fr\/fr\/?s={search_term_string}\"},\"query-input\":{\"@type\":\"PropertyValueSpecification\",\"valueRequired\":true,\"valueName\":\"search_term_string\"}}],\"inLanguage\":\"fr-FR\"}]}<\/script>\n<!-- \/ Yoast SEO plugin. -->","yoast_head_json":{"title":"Contacter le groupe - XEFI Belgique","description":"Discutez avec un expert XEFI : devis rapide, accompagnement de proximit\u00e9 et solutions informatiques IT efficaces pour votre TPE\/PME.","robots":{"index":"noindex","follow":"follow","max-snippet":"max-snippet:-1","max-image-preview":"max-image-preview:large","max-video-preview":"max-video-preview:-1"},"og_locale":"fr_FR","og_type":"article","og_title":"Contacter le groupe - XEFI Belgique","og_description":"Discutez avec un expert XEFI : devis rapide, accompagnement de proximit\u00e9 et solutions informatiques IT efficaces pour votre TPE\/PME.","og_url":"https:\/\/belgique.dev-xefi.manitoba-preprod.fr\/fr\/decouvrir-xefi\/a-propos-de-nous\/contacter-le-groupe\/","og_site_name":"XEFI Belgique","article_modified_time":"2025-09-05T09:55:12+00:00","twitter_card":"summary_large_image","twitter_misc":{"Dur\u00e9e de lecture estim\u00e9e":"1 minute"},"schema":{"@context":"https:\/\/schema.org","@graph":[{"@type":["WebPage","ContactPage"],"@id":"https:\/\/belgique.dev-xefi.manitoba-preprod.fr\/fr\/decouvrir-xefi\/a-propos-de-nous\/contacter-le-groupe\/","url":"https:\/\/belgique.dev-xefi.manitoba-preprod.fr\/fr\/decouvrir-xefi\/a-propos-de-nous\/contacter-le-groupe\/","name":"Contacter le groupe - XEFI Belgique","isPartOf":{"@id":"http:\/\/belgique.dev-xefi.manitoba-preprod.fr\/fr\/#website"},"datePublished":"2025-06-24T09:22:11+00:00","dateModified":"2025-09-05T09:55:12+00:00","description":"Discutez avec un expert XEFI : devis rapide, accompagnement de proximit\u00e9 et solutions informatiques IT efficaces pour votre TPE\/PME.","breadcrumb":{"@id":"https:\/\/belgique.dev-xefi.manitoba-preprod.fr\/fr\/decouvrir-xefi\/a-propos-de-nous\/contacter-le-groupe\/#breadcrumb"},"inLanguage":"fr-FR","potentialAction":[{"@type":"ReadAction","target":["https:\/\/belgique.dev-xefi.manitoba-preprod.fr\/fr\/decouvrir-xefi\/a-propos-de-nous\/contacter-le-groupe\/"]}]},{"@type":"BreadcrumbList","@id":"https:\/\/belgique.dev-xefi.manitoba-preprod.fr\/fr\/decouvrir-xefi\/a-propos-de-nous\/contacter-le-groupe\/#breadcrumb","itemListElement":[{"@type":"ListItem","position":1,"name":"Accueil","item":"https:\/\/belgique.dev-xefi.manitoba-preprod.fr\/fr\/"},{"@type":"ListItem","position":2,"name":"D\u00e9couvrir XEFI","item":"https:\/\/belgique.dev-xefi.manitoba-preprod.fr\/fr\/decouvrir-xefi\/"},{"@type":"ListItem","position":3,"name":"\u00c0 propos de nous","item":"https:\/\/belgique.dev-xefi.manitoba-preprod.fr\/fr\/decouvrir-xefi\/a-propos-de-nous\/"},{"@type":"ListItem","position":4,"name":"Contacter le groupe"}]},{"@type":"WebSite","@id":"http:\/\/belgique.dev-xefi.manitoba-preprod.fr\/fr\/#website","url":"http:\/\/belgique.dev-xefi.manitoba-preprod.fr\/fr\/","name":"XEFI Belgique","description":"XEFI, PARTENAIRE INFORMATIQUE DE PROXIMIT\u00c9 DES TPE\/PME","potentialAction":[{"@type":"SearchAction","target":{"@type":"EntryPoint","urlTemplate":"http:\/\/belgique.dev-xefi.manitoba-preprod.fr\/fr\/?s={search_term_string}"},"query-input":{"@type":"PropertyValueSpecification","valueRequired":true,"valueName":"search_term_string"}}],"inLanguage":"fr-FR"}]}},"_links":{"self":[{"href":"https:\/\/belgique.dev-xefi.manitoba-preprod.fr\/fr\/wp-json\/wp\/v2\/pages\/7227","targetHints":{"allow":["GET"]}}],"collection":[{"href":"https:\/\/belgique.dev-xefi.manitoba-preprod.fr\/fr\/wp-json\/wp\/v2\/pages"}],"about":[{"href":"https:\/\/belgique.dev-xefi.manitoba-preprod.fr\/fr\/wp-json\/wp\/v2\/types\/page"}],"author":[{"embeddable":true,"href":"https:\/\/belgique.dev-xefi.manitoba-preprod.fr\/fr\/wp-json\/wp\/v2\/users\/1"}],"replies":[{"embeddable":true,"href":"https:\/\/belgique.dev-xefi.manitoba-preprod.fr\/fr\/wp-json\/wp\/v2\/comments?post=7227"}],"version-history":[{"count":0,"href":"https:\/\/belgique.dev-xefi.manitoba-preprod.fr\/fr\/wp-json\/wp\/v2\/pages\/7227\/revisions"}],"up":[{"embeddable":true,"href":"https:\/\/belgique.dev-xefi.manitoba-preprod.fr\/fr\/wp-json\/wp\/v2\/pages\/145"}],"wp:attachment":[{"href":"https:\/\/belgique.dev-xefi.manitoba-preprod.fr\/fr\/wp-json\/wp\/v2\/media?parent=7227"}],"curies":[{"name":"wp","href":"https:\/\/api.w.org\/{rel}","templated":true}]}}