{"id":149,"date":"2025-05-05T11:21:41","date_gmt":"2025-05-05T09:21:41","guid":{"rendered":"https:\/\/france.dev-xefi.manitoba-preprod.fr\/?page_id=149"},"modified":"2025-08-08T11:23:58","modified_gmt":"2025-08-08T09:23:58","slug":"trouver-votre-agence-xefi","status":"publish","type":"page","link":"https:\/\/belgique.dev-xefi.manitoba-preprod.fr\/fr\/trouver-votre-agence-xefi\/","title":{"rendered":"Trouver votre agence XEFI"},"content":{"rendered":"\n<div class=\"wp-block-group alignfull is-layout-constrained wp-container-core-group-is-layout-a47e864c wp-block-group-is-layout-constrained\" style=\"padding-top:var(--wp--preset--spacing--80);padding-right:var(--wp--preset--spacing--50);padding-bottom:var(--wp--preset--spacing--80);padding-left:var(--wp--preset--spacing--50)\">\n<h2 class=\"wp-block-heading has-text-align-center\">votre <mark class=\"has-inline-color has-primary-color\">agence xefi<\/mark> de proximit\u00e9<\/h2>\n\n\n\n<p class=\"has-text-align-center has-custom-medium-font-size\" style=\"margin-bottom:var(--wp--preset--spacing--80)\"><strong>Trouvez rapidement l\u2019agence XEFI la plus proche de vous en cliquant sur le bouton de localisation ou en entrant votre code postal ou votre ville !<\/strong><\/p>\n\n\n    <script>\n        window.__ACTIVE_STORE__ = null;\n        window.__DEFAULT_STORES_LIST__ = [{\"id\":12194,\"name\":\"XEFI Aalst\",\"distance\":\"\",\"currentHours\":[],\"isOpen\":false,\"street\":\"Industrielaan 4\",\"postalcode\":\"9320\",\"city\":\"Aalst\",\"phones\":[\"+32 53 89 55 20\"],\"url\":\"https:\\\/\\\/belgique.dev-xefi.manitoba-preprod.fr\\\/fr\\\/agence\\\/xefi-aalst\\\/\",\"latLng\":{\"lat\":50.9114326,\"lng\":4.0371112}},{\"id\":12185,\"name\":\"XEFI Beauraing\",\"distance\":\"\",\"currentHours\":[],\"isOpen\":false,\"street\":\"Rue de Dinant 3\",\"postalcode\":\"5570\",\"city\":\"Beauraing\",\"phones\":[\"+32 82 77 00 76\"],\"url\":\"https:\\\/\\\/belgique.dev-xefi.manitoba-preprod.fr\\\/fr\\\/agence\\\/xefi-beauraing\\\/\",\"latLng\":{\"lat\":50.11072321,\"lng\":4.95516917}},{\"id\":12203,\"name\":\"XEFI Ch\\u00e2telet\",\"distance\":\"\",\"currentHours\":[\"09:00-18:00\"],\"isOpen\":true,\"street\":\"Place de l'H\\u00f4tel de Ville 15\",\"postalcode\":\"6200\",\"city\":\"Ch\\u00e2telet\",\"phones\":[\"+32 71 15 91 97\"],\"url\":\"https:\\\/\\\/belgique.dev-xefi.manitoba-preprod.fr\\\/fr\\\/agence\\\/xefi-chatelet\\\/\",\"latLng\":{\"lat\":50.4038559,\"lng\":4.5241893}},{\"id\":12176,\"name\":\"XEFI Chimay\",\"distance\":\"\",\"currentHours\":[],\"isOpen\":false,\"street\":\"Avenue des Tilleuls 5\",\"postalcode\":\"6460\",\"city\":\"Chimay\",\"phones\":[\"+32 60 77 00 71\"],\"url\":\"https:\\\/\\\/belgique.dev-xefi.manitoba-preprod.fr\\\/fr\\\/agence\\\/xefi-chimay\\\/\",\"latLng\":{\"lat\":50.04621995,\"lng\":4.3097878}},{\"id\":12200,\"name\":\"XEFI Louvain-la-Neuve\",\"distance\":\"\",\"currentHours\":[],\"isOpen\":false,\"street\":\"Rue du Fond Cattelain 2\",\"postalcode\":\"1435\",\"city\":\"Mont-Saint-Guibert\",\"phones\":[\"+32 10 77 24 60\"],\"url\":\"https:\\\/\\\/belgique.dev-xefi.manitoba-preprod.fr\\\/fr\\\/agence\\\/xefi-louvain-la-neuve\\\/\",\"latLng\":{\"lat\":50.657498,\"lng\":4.6252129}},{\"id\":12197,\"name\":\"XEFI Menen\",\"distance\":\"\",\"currentHours\":[],\"isOpen\":false,\"street\":\"Ieperstraat 203\",\"postalcode\":\"8930\",\"city\":\"Menen\",\"phones\":[\"+32 56 51 23 00\"],\"url\":\"https:\\\/\\\/belgique.dev-xefi.manitoba-preprod.fr\\\/fr\\\/agence\\\/xefi-menen\\\/\",\"latLng\":{\"lat\":50.7998835,\"lng\":3.1097972}},{\"id\":12191,\"name\":\"XEFI Namur Nord\",\"distance\":\"\",\"currentHours\":[],\"isOpen\":false,\"street\":\"Route de Saussin 38\",\"postalcode\":\"5190\",\"city\":\"Jemeppe-sur-Sambre\",\"phones\":[\"+32 81 85 63 00\"],\"url\":\"https:\\\/\\\/belgique.dev-xefi.manitoba-preprod.fr\\\/fr\\\/agence\\\/xefi-namur-nord\\\/\",\"latLng\":{\"lat\":50.49281371,\"lng\":4.72233847}},{\"id\":12179,\"name\":\"XEFI Namur Sud\",\"distance\":\"\",\"currentHours\":[],\"isOpen\":false,\"street\":\"Rue des Salamandres 2\",\"postalcode\":\"5100\",\"city\":\"Namur\",\"phones\":[\"+32 81 84 04 00\"],\"url\":\"https:\\\/\\\/belgique.dev-xefi.manitoba-preprod.fr\\\/fr\\\/agence\\\/xefi-namur-sud\\\/\",\"latLng\":{\"lat\":50.424177,\"lng\":4.92148723}},{\"id\":12206,\"name\":\"XEFI Ninove\",\"distance\":\"\",\"currentHours\":[\"09:30-15:00\"],\"isOpen\":true,\"street\":\"Leopoldlaan 114\",\"postalcode\":\"9400\",\"city\":\"Ninove\",\"phones\":[\"+32 54 32 48 58\"],\"url\":\"https:\\\/\\\/belgique.dev-xefi.manitoba-preprod.fr\\\/fr\\\/agence\\\/xefi-ninove\\\/\",\"latLng\":{\"lat\":50.8258761,\"lng\":4.0205736}},{\"id\":12182,\"name\":\"XEFI Nivelles\",\"distance\":\"\",\"currentHours\":[],\"isOpen\":false,\"street\":\"Avenue Robert Schuman 51\",\"postalcode\":\"1401\",\"city\":\"Nivelles\",\"phones\":[\"+32 67 56 17 67\"],\"url\":\"https:\\\/\\\/belgique.dev-xefi.manitoba-preprod.fr\\\/fr\\\/agence\\\/xefi-nivelles\\\/\",\"latLng\":{\"lat\":50.6220666,\"lng\":4.3237662}},{\"id\":12167,\"name\":\"XEFI Zaventem\",\"distance\":\"\",\"currentHours\":[],\"isOpen\":false,\"street\":\"Imperiastraat 6\",\"postalcode\":\"1930\",\"city\":\"Zaventem\",\"phones\":[\"+32 2 534 37 00\",\"02 534 37 00\"],\"url\":\"https:\\\/\\\/belgique.dev-xefi.manitoba-preprod.fr\\\/fr\\\/agence\\\/xefi-zaventem\\\/\",\"latLng\":{\"lat\":50.8799805,\"lng\":4.4547652}}];\n    <\/script>\n    <div class=\"manitoba-stores-map wp-block-manitoba-stores-stores-map\"        data-googlemaps-apikey=\"AIzaSyDsaYpxvzCYXCWrBnqT08gCH-zSx9JcPIo\"\n        data-default-latlng=\"46.6034,1.8883\"\n        data-default-zoom=\"6\"\n        data-marker-url=\"\/wp-content\/themes\/xefi-theme\/medias\/icon_marker.svg\"\n        data-active-marker-url=\"\/wp-content\/themes\/xefi-theme\/medias\/icon_active_marker.svg\"\n        data-countries=\"BE\">\n        <div class=\"map-container\">\n            <iframe loading=\"lazy\" class=\"map-frame\" width=\"100%\" height=\"600\" frameborder=\"0\" scrolling=\"no\" marginheight=\"0\" marginwidth=\"0\" src=\"https:\/\/maps.google.com\/maps?width=100%25&amp;height=600&amp;hl=en&amp;q=manitoba%20montrouge+(My%20Business%20Name)&amp;t=&amp;z=14&amp;ie=UTF8&amp;iwloc=B&amp;output=embed\"><\/iframe>\n        <\/div>\n    <\/div>\n<\/div>\n\n\n\n<div class=\"wp-block-group alignfull is-layout-constrained wp-container-core-group-is-layout-a47e864c wp-block-group-is-layout-constrained\" style=\"padding-top:var(--wp--preset--spacing--80);padding-right:var(--wp--preset--spacing--50);padding-bottom:var(--wp--preset--spacing--80);padding-left:var(--wp--preset--spacing--50)\">\n<h2 class=\"wp-block-heading has-text-align-center\" style=\"margin-bottom:var(--wp--preset--spacing--80)\">retrouvez <mark class=\"has-inline-color has-primary-color\">toutes nos agences<\/mark> par r\u00e9gions<\/h2>\n\n\n\n<div class=\"wp-block-columns is-layout-flex wp-container-core-columns-is-layout-643ced6b wp-block-columns-is-layout-flex\">\n<div class=\"wp-block-column is-layout-flow wp-block-column-is-layout-flow\" style=\"flex-basis:33.33%\">\n<div class=\"wp-block-group has-light-background-color has-background is-layout-constrained wp-container-core-group-is-layout-ae744a23 wp-block-group-is-layout-constrained\" style=\"padding-top:var(--wp--preset--spacing--70);padding-right:var(--wp--preset--spacing--70);padding-bottom:var(--wp--preset--spacing--70);padding-left:var(--wp--preset--spacing--70)\">\n<p><strong>Nos agences de proximit\u00e9 XEFI sont pr\u00e9sentes partout en France pour \u00eatre au plus pr\u00e8s de vous.<\/strong> <\/p>\n\n\n\n<p>S\u00e9lectionnez votre r\u00e9gion pour d\u00e9couvrir nos agences locales, leurs coordonn\u00e9es et horaires d\u2019ouverture.&nbsp;<\/p>\n<\/div>\n<\/div>\n\n\n\n<div class=\"wp-block-column is-layout-flow wp-block-column-is-layout-flow\" style=\"flex-basis:66.66%\">    <div class=\"manitoba-stores-list wp-block-manitoba-stores-stores-list\">\n                    <div class=\"stores-country\">\n                                                                            <section class=\"region\">\n                            <div class=\"region-stores\">\n                                <ul class=\"stores\">\n                                                                            <li class=\"stores-item\">\n                                            <a href=\"https:\/\/belgique.dev-xefi.manitoba-preprod.fr\/fr\/agence\/xefi-aalst\/\" class=\"store\">XEFI Aalst<\/a>\n                                        <\/li>\n                                                                            <li class=\"stores-item\">\n                                            <a href=\"https:\/\/belgique.dev-xefi.manitoba-preprod.fr\/fr\/agence\/xefi-beauraing\/\" class=\"store\">XEFI Beauraing<\/a>\n                                        <\/li>\n                                                                            <li class=\"stores-item\">\n                                            <a href=\"https:\/\/belgique.dev-xefi.manitoba-preprod.fr\/fr\/agence\/xefi-chatelet\/\" class=\"store\">XEFI Ch\u00e2telet<\/a>\n                                        <\/li>\n                                                                            <li class=\"stores-item\">\n                                            <a href=\"https:\/\/belgique.dev-xefi.manitoba-preprod.fr\/fr\/agence\/xefi-chimay\/\" class=\"store\">XEFI Chimay<\/a>\n                                        <\/li>\n                                                                            <li class=\"stores-item\">\n                                            <a href=\"https:\/\/belgique.dev-xefi.manitoba-preprod.fr\/fr\/agence\/xefi-louvain-la-neuve\/\" class=\"store\">XEFI Louvain-la-Neuve<\/a>\n                                        <\/li>\n                                                                            <li class=\"stores-item\">\n                                            <a href=\"https:\/\/belgique.dev-xefi.manitoba-preprod.fr\/fr\/agence\/xefi-menen\/\" class=\"store\">XEFI Menen<\/a>\n                                        <\/li>\n                                                                            <li class=\"stores-item\">\n                                            <a href=\"https:\/\/belgique.dev-xefi.manitoba-preprod.fr\/fr\/agence\/xefi-namur-nord\/\" class=\"store\">XEFI Namur Nord<\/a>\n                                        <\/li>\n                                                                            <li class=\"stores-item\">\n                                            <a href=\"https:\/\/belgique.dev-xefi.manitoba-preprod.fr\/fr\/agence\/xefi-namur-sud\/\" class=\"store\">XEFI Namur Sud<\/a>\n                                        <\/li>\n                                                                            <li class=\"stores-item\">\n                                            <a href=\"https:\/\/belgique.dev-xefi.manitoba-preprod.fr\/fr\/agence\/xefi-ninove\/\" class=\"store\">XEFI Ninove<\/a>\n                                        <\/li>\n                                                                            <li class=\"stores-item\">\n                                            <a href=\"https:\/\/belgique.dev-xefi.manitoba-preprod.fr\/fr\/agence\/xefi-nivelles\/\" class=\"store\">XEFI Nivelles<\/a>\n                                        <\/li>\n                                                                            <li class=\"stores-item\">\n                                            <a href=\"https:\/\/belgique.dev-xefi.manitoba-preprod.fr\/fr\/agence\/xefi-zaventem\/\" class=\"store\">XEFI Zaventem<\/a>\n                                        <\/li>\n                                                                    <\/ul>\n                            <\/div>\n                        <\/section>\n                                                <\/div>\n            <\/div>\n<\/div>\n<\/div>\n<\/div>\n\n\n\n<div class=\"wp-block-group alignfull has-light-background-color has-background is-layout-constrained wp-container-core-group-is-layout-a47e864c wp-block-group-is-layout-constrained\" style=\"padding-top:var(--wp--preset--spacing--80);padding-right:var(--wp--preset--spacing--50);padding-bottom:var(--wp--preset--spacing--80);padding-left:var(--wp--preset--spacing--50)\">\n<h2 class=\"wp-block-heading has-text-align-center\" style=\"margin-bottom:var(--wp--preset--spacing--80)\">Pourquoi choisir <mark class=\"has-inline-color has-primary-color\">XEFI ?<\/mark><\/h2>\n\n\n\n<div class=\"wp-block-columns is-layout-flex wp-container-core-columns-is-layout-f5a44f5b wp-block-columns-is-layout-flex\">\n<div class=\"wp-block-column is-vertically-aligned-top is-layout-flow wp-block-column-is-layout-flow\">\n<figure class=\"wp-block-image aligncenter size-full\" style=\"margin-bottom:var(--wp--preset--spacing--50)\"><img decoding=\"async\" src=\"https:\/\/france.dev-xefi.manitoba-preprod.fr\/wp-content\/uploads\/sites\/2\/2025\/05\/icon_proximite.svg\" alt=\"\" class=\"wp-image-431\"\/><\/figure>\n\n\n\n<p class=\"has-text-align-center has-custom-medium-font-size\"><strong>Proximit\u00e9<\/strong><\/p>\n\n\n\n<p class=\"has-text-align-center\">11 agences en France&nbsp;: des guichets uniques&nbsp;situ\u00e9s \u00e0 moins de 30 minutes de nos clients.<\/p>\n<\/div>\n\n\n\n<div class=\"wp-block-column is-layout-flow wp-block-column-is-layout-flow\">\n<figure class=\"wp-block-image aligncenter size-full\" style=\"margin-bottom:var(--wp--preset--spacing--50)\"><img decoding=\"async\" src=\"https:\/\/france.dev-xefi.manitoba-preprod.fr\/wp-content\/uploads\/sites\/2\/2025\/05\/icon_expertise.svg\" alt=\"\" class=\"wp-image-429\"\/><\/figure>\n\n\n\n<p class=\"has-text-align-center has-custom-medium-font-size\"><strong>Expertise<\/strong><\/p>\n\n\n\n<p class=\"has-text-align-center\">Une \u00e9quipe d\u2019experts et des services et solutions informatiques d\u00e9di\u00e9s aux TPE\/PME.<\/p>\n<\/div>\n\n\n\n<div class=\"wp-block-column is-layout-flow wp-block-column-is-layout-flow\">\n<figure class=\"wp-block-image aligncenter size-full\" style=\"margin-bottom:var(--wp--preset--spacing--50)\"><img decoding=\"async\" src=\"https:\/\/france.dev-xefi.manitoba-preprod.fr\/wp-content\/uploads\/sites\/2\/2025\/05\/icon_transparence.svg\" alt=\"\" class=\"wp-image-435\"\/><\/figure>\n\n\n\n<p class=\"has-text-align-center has-custom-medium-font-size\"><strong>Transparence<\/strong><\/p>\n\n\n\n<p class=\"has-text-align-center\">Des solutions \u00ab cl\u00e9s en mains \u00bb et sans co\u00fbts cach\u00e9s pour une transparence totale envers nos clients.<\/p>\n<\/div>\n\n\n\n<div class=\"wp-block-column is-layout-flow wp-block-column-is-layout-flow\">\n<figure class=\"wp-block-image aligncenter size-full\" style=\"margin-bottom:var(--wp--preset--spacing--50)\"><img decoding=\"async\" src=\"https:\/\/france.dev-xefi.manitoba-preprod.fr\/wp-content\/uploads\/sites\/2\/2025\/05\/icon_serenite.svg\" alt=\"\" class=\"wp-image-433\"\/><\/figure>\n\n\n\n<p class=\"has-text-align-center has-custom-medium-font-size\"><strong>S\u00e9r\u00e9nit\u00e9<\/strong><\/p>\n\n\n\n<p class=\"has-text-align-center\">Un partenaire de confiance qui pilote votre syst\u00e8me informatique et assure la bonne marche de votre entreprise.<\/p>\n<\/div>\n<\/div>\n<\/div>\n","protected":false},"excerpt":{"rendered":"<p>votre agence xefi de proximit\u00e9 Trouvez rapidement l\u2019agence XEFI la plus proche de vous en cliquant sur le bouton de localisation ou en entrant votre code postal ou votre ville ! retrouvez toutes nos agences par r\u00e9gions Nos agences de proximit\u00e9 XEFI sont pr\u00e9sentes partout en France pour \u00eatre au plus pr\u00e8s de vous. S\u00e9lectionnez [&hellip;]<\/p>\n","protected":false},"author":1,"featured_media":10321,"parent":0,"menu_order":57,"comment_status":"closed","ping_status":"closed","template":"","meta":{"_acf_changed":false,"footnotes":""},"class_list":["post-149","page","type-page","status-publish","has-post-thumbnail","hentry"],"acf":[],"yoast_head":"<!-- This site is optimized with the Yoast SEO plugin v25.2 - https:\/\/yoast.com\/wordpress\/plugins\/seo\/ -->\n<title>Trouver votre agence XEFI - XEFI Belgique<\/title>\n<meta name=\"robots\" content=\"noindex, follow, max-snippet:-1, max-image-preview:large, max-video-preview:-1\" \/>\n<meta property=\"og:locale\" content=\"fr_FR\" \/>\n<meta property=\"og:type\" content=\"article\" \/>\n<meta property=\"og:title\" content=\"Trouver votre agence XEFI - XEFI Belgique\" \/>\n<meta property=\"og:description\" content=\"votre agence xefi de proximit\u00e9 Trouvez rapidement l\u2019agence XEFI la plus proche de vous en cliquant sur le bouton de localisation ou en entrant votre code postal ou votre ville ! retrouvez toutes nos agences par r\u00e9gions Nos agences de proximit\u00e9 XEFI sont pr\u00e9sentes partout en France pour \u00eatre au plus pr\u00e8s de vous. S\u00e9lectionnez [&hellip;]\" \/>\n<meta property=\"og:url\" content=\"https:\/\/belgique.dev-xefi.manitoba-preprod.fr\/fr\/trouver-votre-agence-xefi\/\" \/>\n<meta property=\"og:site_name\" content=\"XEFI Belgique\" \/>\n<meta property=\"article:modified_time\" content=\"2025-08-08T09:23:58+00:00\" \/>\n<meta property=\"og:image\" content=\"https:\/\/belgique.dev-xefi.manitoba-preprod.fr\/wp-content\/uploads\/sites\/8\/2025\/07\/trouver-votre-agence-xefi-partenaire-informatique-tpe-pme-vf-4-1024x639.png\" \/>\n\t<meta property=\"og:image:width\" content=\"1024\" \/>\n\t<meta property=\"og:image:height\" content=\"639\" \/>\n\t<meta property=\"og:image:type\" content=\"image\/png\" \/>\n<meta name=\"twitter:card\" content=\"summary_large_image\" \/>\n<meta name=\"twitter:label1\" content=\"Dur\u00e9e de lecture estim\u00e9e\" \/>\n\t<meta name=\"twitter:data1\" content=\"2 minutes\" \/>\n<script type=\"application\/ld+json\" class=\"yoast-schema-graph\">{\"@context\":\"https:\/\/schema.org\",\"@graph\":[{\"@type\":\"WebPage\",\"@id\":\"https:\/\/belgique.dev-xefi.manitoba-preprod.fr\/fr\/trouver-votre-agence-xefi\/\",\"url\":\"https:\/\/belgique.dev-xefi.manitoba-preprod.fr\/fr\/trouver-votre-agence-xefi\/\",\"name\":\"Trouver votre agence XEFI - XEFI Belgique\",\"isPartOf\":{\"@id\":\"http:\/\/belgique.dev-xefi.manitoba-preprod.fr\/fr\/#website\"},\"primaryImageOfPage\":{\"@id\":\"https:\/\/belgique.dev-xefi.manitoba-preprod.fr\/fr\/trouver-votre-agence-xefi\/#primaryimage\"},\"image\":{\"@id\":\"https:\/\/belgique.dev-xefi.manitoba-preprod.fr\/fr\/trouver-votre-agence-xefi\/#primaryimage\"},\"thumbnailUrl\":\"https:\/\/belgique.dev-xefi.manitoba-preprod.fr\/wp-content\/uploads\/sites\/8\/2025\/07\/trouver-votre-agence-xefi-partenaire-informatique-tpe-pme-vf-4-scaled.png\",\"datePublished\":\"2025-05-05T09:21:41+00:00\",\"dateModified\":\"2025-08-08T09:23:58+00:00\",\"breadcrumb\":{\"@id\":\"https:\/\/belgique.dev-xefi.manitoba-preprod.fr\/fr\/trouver-votre-agence-xefi\/#breadcrumb\"},\"inLanguage\":\"fr-FR\",\"potentialAction\":[{\"@type\":\"ReadAction\",\"target\":[\"https:\/\/belgique.dev-xefi.manitoba-preprod.fr\/fr\/trouver-votre-agence-xefi\/\"]}]},{\"@type\":\"ImageObject\",\"inLanguage\":\"fr-FR\",\"@id\":\"https:\/\/belgique.dev-xefi.manitoba-preprod.fr\/fr\/trouver-votre-agence-xefi\/#primaryimage\",\"url\":\"https:\/\/belgique.dev-xefi.manitoba-preprod.fr\/wp-content\/uploads\/sites\/8\/2025\/07\/trouver-votre-agence-xefi-partenaire-informatique-tpe-pme-vf-4-scaled.png\",\"contentUrl\":\"https:\/\/belgique.dev-xefi.manitoba-preprod.fr\/wp-content\/uploads\/sites\/8\/2025\/07\/trouver-votre-agence-xefi-partenaire-informatique-tpe-pme-vf-4-scaled.png\",\"width\":2560,\"height\":1597},{\"@type\":\"BreadcrumbList\",\"@id\":\"https:\/\/belgique.dev-xefi.manitoba-preprod.fr\/fr\/trouver-votre-agence-xefi\/#breadcrumb\",\"itemListElement\":[{\"@type\":\"ListItem\",\"position\":1,\"name\":\"Accueil\",\"item\":\"https:\/\/belgique.dev-xefi.manitoba-preprod.fr\/fr\/\"},{\"@type\":\"ListItem\",\"position\":2,\"name\":\"Trouver votre agence XEFI\"}]},{\"@type\":\"WebSite\",\"@id\":\"http:\/\/belgique.dev-xefi.manitoba-preprod.fr\/fr\/#website\",\"url\":\"http:\/\/belgique.dev-xefi.manitoba-preprod.fr\/fr\/\",\"name\":\"XEFI Belgique\",\"description\":\"XEFI, PARTENAIRE INFORMATIQUE DE PROXIMIT\u00c9 DES TPE\/PME\",\"potentialAction\":[{\"@type\":\"SearchAction\",\"target\":{\"@type\":\"EntryPoint\",\"urlTemplate\":\"http:\/\/belgique.dev-xefi.manitoba-preprod.fr\/fr\/?s={search_term_string}\"},\"query-input\":{\"@type\":\"PropertyValueSpecification\",\"valueRequired\":true,\"valueName\":\"search_term_string\"}}],\"inLanguage\":\"fr-FR\"}]}<\/script>\n<!-- \/ Yoast SEO plugin. -->","yoast_head_json":{"title":"Trouver votre agence XEFI - XEFI Belgique","robots":{"index":"noindex","follow":"follow","max-snippet":"max-snippet:-1","max-image-preview":"max-image-preview:large","max-video-preview":"max-video-preview:-1"},"og_locale":"fr_FR","og_type":"article","og_title":"Trouver votre agence XEFI - XEFI Belgique","og_description":"votre agence xefi de proximit\u00e9 Trouvez rapidement l\u2019agence XEFI la plus proche de vous en cliquant sur le bouton de localisation ou en entrant votre code postal ou votre ville ! retrouvez toutes nos agences par r\u00e9gions Nos agences de proximit\u00e9 XEFI sont pr\u00e9sentes partout en France pour \u00eatre au plus pr\u00e8s de vous. S\u00e9lectionnez [&hellip;]","og_url":"https:\/\/belgique.dev-xefi.manitoba-preprod.fr\/fr\/trouver-votre-agence-xefi\/","og_site_name":"XEFI Belgique","article_modified_time":"2025-08-08T09:23:58+00:00","og_image":[{"width":1024,"height":639,"url":"https:\/\/belgique.dev-xefi.manitoba-preprod.fr\/wp-content\/uploads\/sites\/8\/2025\/07\/trouver-votre-agence-xefi-partenaire-informatique-tpe-pme-vf-4-1024x639.png","type":"image\/png"}],"twitter_card":"summary_large_image","twitter_misc":{"Dur\u00e9e de lecture estim\u00e9e":"2 minutes"},"schema":{"@context":"https:\/\/schema.org","@graph":[{"@type":"WebPage","@id":"https:\/\/belgique.dev-xefi.manitoba-preprod.fr\/fr\/trouver-votre-agence-xefi\/","url":"https:\/\/belgique.dev-xefi.manitoba-preprod.fr\/fr\/trouver-votre-agence-xefi\/","name":"Trouver votre agence XEFI - XEFI Belgique","isPartOf":{"@id":"http:\/\/belgique.dev-xefi.manitoba-preprod.fr\/fr\/#website"},"primaryImageOfPage":{"@id":"https:\/\/belgique.dev-xefi.manitoba-preprod.fr\/fr\/trouver-votre-agence-xefi\/#primaryimage"},"image":{"@id":"https:\/\/belgique.dev-xefi.manitoba-preprod.fr\/fr\/trouver-votre-agence-xefi\/#primaryimage"},"thumbnailUrl":"https:\/\/belgique.dev-xefi.manitoba-preprod.fr\/wp-content\/uploads\/sites\/8\/2025\/07\/trouver-votre-agence-xefi-partenaire-informatique-tpe-pme-vf-4-scaled.png","datePublished":"2025-05-05T09:21:41+00:00","dateModified":"2025-08-08T09:23:58+00:00","breadcrumb":{"@id":"https:\/\/belgique.dev-xefi.manitoba-preprod.fr\/fr\/trouver-votre-agence-xefi\/#breadcrumb"},"inLanguage":"fr-FR","potentialAction":[{"@type":"ReadAction","target":["https:\/\/belgique.dev-xefi.manitoba-preprod.fr\/fr\/trouver-votre-agence-xefi\/"]}]},{"@type":"ImageObject","inLanguage":"fr-FR","@id":"https:\/\/belgique.dev-xefi.manitoba-preprod.fr\/fr\/trouver-votre-agence-xefi\/#primaryimage","url":"https:\/\/belgique.dev-xefi.manitoba-preprod.fr\/wp-content\/uploads\/sites\/8\/2025\/07\/trouver-votre-agence-xefi-partenaire-informatique-tpe-pme-vf-4-scaled.png","contentUrl":"https:\/\/belgique.dev-xefi.manitoba-preprod.fr\/wp-content\/uploads\/sites\/8\/2025\/07\/trouver-votre-agence-xefi-partenaire-informatique-tpe-pme-vf-4-scaled.png","width":2560,"height":1597},{"@type":"BreadcrumbList","@id":"https:\/\/belgique.dev-xefi.manitoba-preprod.fr\/fr\/trouver-votre-agence-xefi\/#breadcrumb","itemListElement":[{"@type":"ListItem","position":1,"name":"Accueil","item":"https:\/\/belgique.dev-xefi.manitoba-preprod.fr\/fr\/"},{"@type":"ListItem","position":2,"name":"Trouver votre agence XEFI"}]},{"@type":"WebSite","@id":"http:\/\/belgique.dev-xefi.manitoba-preprod.fr\/fr\/#website","url":"http:\/\/belgique.dev-xefi.manitoba-preprod.fr\/fr\/","name":"XEFI Belgique","description":"XEFI, PARTENAIRE INFORMATIQUE DE PROXIMIT\u00c9 DES TPE\/PME","potentialAction":[{"@type":"SearchAction","target":{"@type":"EntryPoint","urlTemplate":"http:\/\/belgique.dev-xefi.manitoba-preprod.fr\/fr\/?s={search_term_string}"},"query-input":{"@type":"PropertyValueSpecification","valueRequired":true,"valueName":"search_term_string"}}],"inLanguage":"fr-FR"}]}},"_links":{"self":[{"href":"https:\/\/belgique.dev-xefi.manitoba-preprod.fr\/fr\/wp-json\/wp\/v2\/pages\/149","targetHints":{"allow":["GET"]}}],"collection":[{"href":"https:\/\/belgique.dev-xefi.manitoba-preprod.fr\/fr\/wp-json\/wp\/v2\/pages"}],"about":[{"href":"https:\/\/belgique.dev-xefi.manitoba-preprod.fr\/fr\/wp-json\/wp\/v2\/types\/page"}],"author":[{"embeddable":true,"href":"https:\/\/belgique.dev-xefi.manitoba-preprod.fr\/fr\/wp-json\/wp\/v2\/users\/1"}],"replies":[{"embeddable":true,"href":"https:\/\/belgique.dev-xefi.manitoba-preprod.fr\/fr\/wp-json\/wp\/v2\/comments?post=149"}],"version-history":[{"count":0,"href":"https:\/\/belgique.dev-xefi.manitoba-preprod.fr\/fr\/wp-json\/wp\/v2\/pages\/149\/revisions"}],"wp:featuredmedia":[{"embeddable":true,"href":"https:\/\/belgique.dev-xefi.manitoba-preprod.fr\/fr\/wp-json\/wp\/v2\/media\/10321"}],"wp:attachment":[{"href":"https:\/\/belgique.dev-xefi.manitoba-preprod.fr\/fr\/wp-json\/wp\/v2\/media?parent=149"}],"curies":[{"name":"wp","href":"https:\/\/api.w.org\/{rel}","templated":true}]}}