{"id":11820,"date":"2025-05-05T11:23:08","date_gmt":"2025-05-05T09:23:08","guid":{"rendered":"https:\/\/france.dev-xefi.manitoba-preprod.fr\/decouvrir-xefi-en\/a-propos-de-nous-en\/conseils-dexperts-et-actualites-en\/"},"modified":"2026-02-13T11:52:38","modified_gmt":"2026-02-13T10:52:38","slug":"conseils-dexperts-et-actualites-en","status":"publish","type":"page","link":"http:\/\/belgique.dev-xefi.manitoba-preprod.fr\/en\/decouvrir-xefi-en\/a-propos-de-nous-en\/conseils-dexperts-et-actualites-en\/","title":{"rendered":"Conseils d\u2019experts et Actualit\u00e9s EN"},"content":{"rendered":"\n<div class=\"wp-block-group alignfull has-light-background-color has-background is-layout-constrained wp-container-core-group-is-layout-a47e864c wp-block-group-is-layout-constrained\" style=\"padding-top:var(--wp--preset--spacing--80);padding-right:var(--wp--preset--spacing--50);padding-bottom:var(--wp--preset--spacing--80);padding-left:var(--wp--preset--spacing--50)\">\n<h2 class=\"wp-block-heading has-text-align-center\" style=\"margin-bottom:var(--wp--preset--spacing--80)\">Parole \u00e0 <mark class=\"has-inline-color has-primary-color\">nos experts<\/mark><\/h2>\n\n\n<script type=\"application\/ld+json\">{\"@context\":\"https:\/\/schema.org\",\"@graph\":[{\"@type\":\"TechArticle\",\"headline\":\"Notre expert IT, S\u00e9bastien nous parle de nos solutions de maintenance EN\",\"dateCreated\":\"2025-07-29T12:35:53+02:00\",\"datePublished\":\"2025-07-29T12:35:53+02:00\",\"abstract\":\"En moins de 2 minutes, d\u00e9couvrez en vid\u00e9o, le t\u00e9moignage de notre expert en maintenance sur les solutions propos\u00e9es aux TPE et PME ! \\nPourquoi la maintenance informatique est-elle essentielle pour une TPE\/PME ? Quels sont les risques concrets pour l\u2019entreprise ? How does XEFI respond in concrete terms?  \",\"inLanguage\":\"en-US\",\"url\":\"http:\/\/belgique.dev-xefi.manitoba-preprod.fr\/en\/notre-expert-it-sebastien-nous-parle-de-nos-solutions-de-maintenance-en\/\",\"author\":{\"@type\":\"Person\",\"name\":\"sladana\"},\"image\":{\"@type\":\"ImageObject\",\"url\":\"http:\/\/belgique.dev-xefi.manitoba-preprod.fr\/wp-content\/uploads\/sites\/8\/2025\/07\/sebastien-expert-it-solution-maintenance-xefi-informatique-partenaire-des-tpe-pme.png\"}}]}<\/script><div class=\"manitoba-articles-carousel\" id=\"articles-carousel-1\"\n  data-max-items=\"1\" data-autoplay=\"false\" data-autoplay-delay=\"5000\">\n  <div class=\"swiper\">\n    <div class=\"swiper-wrapper\">\n            <div class=\"swiper-slide\">\n        <article class=\"article-card cut-border\">\n          <div class=\"article-media\">\n                        <div class=\"article-video\">\n              <iframe loading=\"lazy\" title=\"Notre expert IT, S\u00e9bastien nous parle des solutions de maintenance informatique de XEFI\" width=\"500\" height=\"281\" src=\"https:\/\/www.youtube.com\/embed\/uXW3fZ0Mjf0?feature=oembed\" frameborder=\"0\" allow=\"accelerometer; autoplay; clipboard-write; encrypted-media; gyroscope; picture-in-picture; web-share\" referrerpolicy=\"strict-origin-when-cross-origin\" allowfullscreen><\/iframe>            <\/div>\n                      <\/div>\n\n          <div class=\"article-content\">\n            <p class=\"article-meta\">\n                            <span class=\"article-category\">\n                Maintenance              <\/span>\n                          <\/p>\n\n                        <p class=\"article-tags\">\n                            <span class=\"article-tag\">\n                depannage informatique              <\/span>\n                            <span class=\"article-tag\">\n                maintenance preventive              <\/span>\n                          <\/p>\n            \n            <h3 class=\"article-title\">\n              <a\n                href=\"http:\/\/belgique.dev-xefi.manitoba-preprod.fr\/en\/notre-expert-it-sebastien-nous-parle-de-nos-solutions-de-maintenance-en\/\">Notre expert IT, S\u00e9bastien nous parle de nos solutions de maintenance EN<\/a>\n            <\/h3>\n\n            <p class=\"article-excerpt\">\n              En moins de 2 minutes, d\u00e9couvrez en vid\u00e9o, le t\u00e9moignage de notre expert en maintenance sur les solutions propos\u00e9es aux TPE et PME ! \nPourquoi la maintenance informatique est-elle essentielle pour une TPE\/PME ? Quels sont les risques concrets pour l\u2019entreprise ? How does XEFI respond in concrete terms?              <\/p>\n            <a class=\"article-btn\" aria-label=\"Notre expert IT, S\u00e9bastien nous parle de nos solutions de maintenance EN\"\n              href=\"http:\/\/belgique.dev-xefi.manitoba-preprod.fr\/en\/notre-expert-it-sebastien-nous-parle-de-nos-solutions-de-maintenance-en\/\">\n              Read more            <\/a>\n          <\/div>\n        <\/article>\n      <\/div>\n          <\/div>\n\n      <\/div>\n  <\/div>\n\n<\/div>\n\n<div class=\"wp-block-group alignfull is-layout-constrained wp-container-core-group-is-layout-a47e864c wp-block-group-is-layout-constrained\" style=\"padding-top:var(--wp--preset--spacing--80);padding-right:var(--wp--preset--spacing--50);padding-bottom:var(--wp--preset--spacing--80);padding-left:var(--wp--preset--spacing--50)\">\n<h2 class=\"wp-block-heading has-text-align-center\" style=\"margin-bottom:var(--wp--preset--spacing--80)\">Tous nos conseils d&#8217;experts et actualit\u00e9s<\/h2>\n\n\n\n<div class=\"manitoba-blog-filters\" data-posts-per-page=\"8\" role=\"region\"\n  aria-label=\"Blog search filters\">\n\n    <form class=\"mbf-filters-wrapper\" method=\"get\" action=\"http:\/\/belgique.dev-xefi.manitoba-preprod.fr\/en\/\" role=\"search\">\n\n        <div class=\"mbf-search-box\">\n      <label for=\"mbf-search-input\"\n        class=\"screen-reader-text\">Search posts<\/label>\n      <input type=\"search\" id=\"mbf-search-input\" name=\"s\" class=\"mbf-search-input\"\n        value=\"\"\n        placeholder=\"Search...\"\n        aria-label=\"Search posts\">\n    <\/div>\n    \n        <div class=\"mbf-categories-box\">\n      <p id=\"mbf-categories-heading\" class=\"mbf-categories-heading\">\n        Select a category<\/p>\n      <div class=\"mbf-categories-list\" role=\"group\" aria-labelledby=\"mbf-categories-heading\">\n                <label class=\"mbf-category-item\">\n          <input type=\"checkbox\" name=\"categories[]\" value=\"202\"\n            class=\"mbf-category-checkbox\" >\n          <span>Maintenance<\/span>\n        <\/label>\n              <\/div>\n    <\/div>\n    \n    <noscript>\n      <button type=\"submit\"\n        class=\"mbf-submit-btn\">Filter<\/button>\n    <\/noscript>\n\n  <\/form>\n  \n  <div class=\"mbf-results-wrapper\">\n    <div class=\"mbf-loading\" style=\"display: none;\" role=\"status\" aria-live=\"polite\">\n      <span class=\"mbf-spinner\" aria-hidden=\"true\"><\/span>\n      <span>Loading...<\/span>\n    <\/div>\n\n    <div class=\"mbf-posts-grid\" role=\"region\" aria-live=\"polite\" aria-atomic=\"false\">\n      \n<article class=\"mbf-post-item cut-border\" data-post-id=\"11829\">\n  <div class=\"mbf-post-meta\">\n        <span class=\"mbf-post-categories\">\n            <span class=\"mbf-category-badge\">Maintenance<\/span>\n          <\/span>\n      <\/div>\n\n    <div class=\"mbf-post-thumbnail\">\n    <a href=\"http:\/\/belgique.dev-xefi.manitoba-preprod.fr\/en\/notre-expert-it-sebastien-nous-parle-de-nos-solutions-de-maintenance-en\/\">\n      <img loading=\"lazy\" decoding=\"async\" width=\"300\" height=\"169\" src=\"http:\/\/belgique.dev-xefi.manitoba-preprod.fr\/wp-content\/uploads\/sites\/8\/2025\/07\/sebastien-expert-it-solution-maintenance-xefi-informatique-partenaire-des-tpe-pme-300x169.png\" class=\"attachment-medium size-medium wp-post-image\" alt=\"\" srcset=\"http:\/\/belgique.dev-xefi.manitoba-preprod.fr\/wp-content\/uploads\/sites\/8\/2025\/07\/sebastien-expert-it-solution-maintenance-xefi-informatique-partenaire-des-tpe-pme-300x169.png 300w, http:\/\/belgique.dev-xefi.manitoba-preprod.fr\/wp-content\/uploads\/sites\/8\/2025\/07\/sebastien-expert-it-solution-maintenance-xefi-informatique-partenaire-des-tpe-pme-1024x576.png 1024w, http:\/\/belgique.dev-xefi.manitoba-preprod.fr\/wp-content\/uploads\/sites\/8\/2025\/07\/sebastien-expert-it-solution-maintenance-xefi-informatique-partenaire-des-tpe-pme-768x432.png 768w, http:\/\/belgique.dev-xefi.manitoba-preprod.fr\/wp-content\/uploads\/sites\/8\/2025\/07\/sebastien-expert-it-solution-maintenance-xefi-informatique-partenaire-des-tpe-pme.png 1280w\" sizes=\"auto, (max-width: 300px) 100vw, 300px\" \/>    <\/a>\n  <\/div>\n  \n  <div class=\"mbf-post-content\">\n    <div class=\"mbf-post-meta\">\n            <span class=\"mbf-post-article-types\">\n                <span class=\"mbf-article-type-badge\">Conseil d&#039;expert EN<\/span>\n              <\/span>\n          <\/div>\n\n    <h3 class=\"mbf-post-title\">\n      <a href=\"http:\/\/belgique.dev-xefi.manitoba-preprod.fr\/en\/notre-expert-it-sebastien-nous-parle-de-nos-solutions-de-maintenance-en\/\">Notre expert IT, S\u00e9bastien nous parle de nos solutions de maintenance EN<\/a>\n    <\/h3>\n\n    <p class=\"mbf-post-date\">29 July 2025<\/p>\n\n    <a href=\"http:\/\/belgique.dev-xefi.manitoba-preprod.fr\/en\/notre-expert-it-sebastien-nous-parle-de-nos-solutions-de-maintenance-en\/\" class=\"mbf-read-more\">\n      Lire la suite \u2192\n    <\/a>\n  <\/div>\n<\/article>    <\/div>\n\n    <nav class=\"mbf-pagination\" role=\"navigation\"\n      aria-label=\"Posts pagination\">\n          <\/nav>\n  <\/div>\n\n<\/div>\n<\/div>\n","protected":false},"excerpt":{"rendered":"<p>Parole \u00e0 nos experts Tous nos conseils d&#8217;experts et actualit\u00e9s<\/p>\n","protected":false},"author":1,"featured_media":11585,"parent":11764,"menu_order":55,"comment_status":"closed","ping_status":"closed","template":"","meta":{"_acf_changed":false,"footnotes":""},"class_list":["post-11820","page","type-page","status-publish","has-post-thumbnail","hentry","page_location-decouvrir-xefi","page_location-menu-mobile","page_location-menu-secondaire"],"acf":[],"yoast_head":"<!-- This site is optimized with the Yoast SEO plugin v25.2 - https:\/\/yoast.com\/wordpress\/plugins\/seo\/ -->\n<title>Conseils d\u2019experts et Actualit\u00e9s EN - XEFI Belgique<\/title>\n<meta name=\"robots\" content=\"noindex, follow, max-snippet:-1, max-image-preview:large, max-video-preview:-1\" \/>\n<meta property=\"og:locale\" content=\"en_US\" \/>\n<meta property=\"og:type\" content=\"article\" \/>\n<meta property=\"og:title\" content=\"Conseils d\u2019experts et Actualit\u00e9s EN - XEFI Belgique\" \/>\n<meta property=\"og:description\" content=\"Parole \u00e0 nos experts Tous nos conseils d&#8217;experts et actualit\u00e9s\" \/>\n<meta property=\"og:url\" content=\"http:\/\/belgique.dev-xefi.manitoba-preprod.fr\/en\/decouvrir-xefi-en\/a-propos-de-nous-en\/conseils-dexperts-et-actualites-en\/\" \/>\n<meta property=\"og:site_name\" content=\"XEFI Belgique\" \/>\n<meta property=\"article:modified_time\" content=\"2026-02-13T10:52:38+00:00\" \/>\n<meta property=\"og:image\" content=\"http:\/\/belgique.dev-xefi.manitoba-preprod.fr\/wp-content\/uploads\/sites\/8\/2025\/08\/conseils-d-experts-et-actualites-it-xefi-partenaire-informatique-tpe-pme-e1754057097501.jpg\" \/>\n\t<meta property=\"og:image:width\" content=\"1920\" \/>\n\t<meta property=\"og:image:height\" content=\"1280\" \/>\n\t<meta property=\"og:image:type\" content=\"image\/jpeg\" \/>\n<meta name=\"twitter:card\" content=\"summary_large_image\" \/>\n<script type=\"application\/ld+json\" class=\"yoast-schema-graph\">{\"@context\":\"https:\/\/schema.org\",\"@graph\":[{\"@type\":\"WebPage\",\"@id\":\"http:\/\/belgique.dev-xefi.manitoba-preprod.fr\/en\/decouvrir-xefi-en\/a-propos-de-nous-en\/conseils-dexperts-et-actualites-en\/\",\"url\":\"http:\/\/belgique.dev-xefi.manitoba-preprod.fr\/en\/decouvrir-xefi-en\/a-propos-de-nous-en\/conseils-dexperts-et-actualites-en\/\",\"name\":\"Conseils d\u2019experts et Actualit\u00e9s EN - XEFI Belgique\",\"isPartOf\":{\"@id\":\"https:\/\/belgique.dev-xefi.manitoba-preprod.fr\/en\/#website\"},\"primaryImageOfPage\":{\"@id\":\"http:\/\/belgique.dev-xefi.manitoba-preprod.fr\/en\/decouvrir-xefi-en\/a-propos-de-nous-en\/conseils-dexperts-et-actualites-en\/#primaryimage\"},\"image\":{\"@id\":\"http:\/\/belgique.dev-xefi.manitoba-preprod.fr\/en\/decouvrir-xefi-en\/a-propos-de-nous-en\/conseils-dexperts-et-actualites-en\/#primaryimage\"},\"thumbnailUrl\":\"http:\/\/belgique.dev-xefi.manitoba-preprod.fr\/wp-content\/uploads\/sites\/8\/2025\/08\/conseils-d-experts-et-actualites-it-xefi-partenaire-informatique-tpe-pme-e1754057097501.jpg\",\"datePublished\":\"2025-05-05T09:23:08+00:00\",\"dateModified\":\"2026-02-13T10:52:38+00:00\",\"breadcrumb\":{\"@id\":\"http:\/\/belgique.dev-xefi.manitoba-preprod.fr\/en\/decouvrir-xefi-en\/a-propos-de-nous-en\/conseils-dexperts-et-actualites-en\/#breadcrumb\"},\"inLanguage\":\"en-US\",\"potentialAction\":[{\"@type\":\"ReadAction\",\"target\":[\"http:\/\/belgique.dev-xefi.manitoba-preprod.fr\/en\/decouvrir-xefi-en\/a-propos-de-nous-en\/conseils-dexperts-et-actualites-en\/\"]}]},{\"@type\":\"ImageObject\",\"inLanguage\":\"en-US\",\"@id\":\"http:\/\/belgique.dev-xefi.manitoba-preprod.fr\/en\/decouvrir-xefi-en\/a-propos-de-nous-en\/conseils-dexperts-et-actualites-en\/#primaryimage\",\"url\":\"http:\/\/belgique.dev-xefi.manitoba-preprod.fr\/wp-content\/uploads\/sites\/8\/2025\/08\/conseils-d-experts-et-actualites-it-xefi-partenaire-informatique-tpe-pme-e1754057097501.jpg\",\"contentUrl\":\"http:\/\/belgique.dev-xefi.manitoba-preprod.fr\/wp-content\/uploads\/sites\/8\/2025\/08\/conseils-d-experts-et-actualites-it-xefi-partenaire-informatique-tpe-pme-e1754057097501.jpg\",\"width\":1920,\"height\":1280},{\"@type\":\"BreadcrumbList\",\"@id\":\"http:\/\/belgique.dev-xefi.manitoba-preprod.fr\/en\/decouvrir-xefi-en\/a-propos-de-nous-en\/conseils-dexperts-et-actualites-en\/#breadcrumb\",\"itemListElement\":[{\"@type\":\"ListItem\",\"position\":1,\"name\":\"Accueil\",\"item\":\"https:\/\/belgique.dev-xefi.manitoba-preprod.fr\/en\/\"},{\"@type\":\"ListItem\",\"position\":2,\"name\":\"D\u00e9couvrir XEFI EN\",\"item\":\"https:\/\/belgique.dev-xefi.manitoba-preprod.fr\/en\/decouvrir-xefi-en\/\"},{\"@type\":\"ListItem\",\"position\":3,\"name\":\"\u00c0 propos de nous EN\",\"item\":\"https:\/\/belgique.dev-xefi.manitoba-preprod.fr\/en\/decouvrir-xefi-en\/a-propos-de-nous-en\/\"},{\"@type\":\"ListItem\",\"position\":4,\"name\":\"Conseils d\u2019experts et Actualit\u00e9s EN\"}]},{\"@type\":\"WebSite\",\"@id\":\"https:\/\/belgique.dev-xefi.manitoba-preprod.fr\/en\/#website\",\"url\":\"https:\/\/belgique.dev-xefi.manitoba-preprod.fr\/en\/\",\"name\":\"XEFI Belgique\",\"description\":\"XEFI, PARTENAIRE INFORMATIQUE DE PROXIMIT\u00c9 DES TPE\/PME\",\"potentialAction\":[{\"@type\":\"SearchAction\",\"target\":{\"@type\":\"EntryPoint\",\"urlTemplate\":\"https:\/\/belgique.dev-xefi.manitoba-preprod.fr\/en\/?s={search_term_string}\"},\"query-input\":{\"@type\":\"PropertyValueSpecification\",\"valueRequired\":true,\"valueName\":\"search_term_string\"}}],\"inLanguage\":\"en-US\"}]}<\/script>\n<!-- \/ Yoast SEO plugin. -->","yoast_head_json":{"title":"Conseils d\u2019experts et Actualit\u00e9s EN - XEFI Belgique","robots":{"index":"noindex","follow":"follow","max-snippet":"max-snippet:-1","max-image-preview":"max-image-preview:large","max-video-preview":"max-video-preview:-1"},"og_locale":"en_US","og_type":"article","og_title":"Conseils d\u2019experts et Actualit\u00e9s EN - XEFI Belgique","og_description":"Parole \u00e0 nos experts Tous nos conseils d&#8217;experts et actualit\u00e9s","og_url":"http:\/\/belgique.dev-xefi.manitoba-preprod.fr\/en\/decouvrir-xefi-en\/a-propos-de-nous-en\/conseils-dexperts-et-actualites-en\/","og_site_name":"XEFI Belgique","article_modified_time":"2026-02-13T10:52:38+00:00","og_image":[{"width":1920,"height":1280,"url":"http:\/\/belgique.dev-xefi.manitoba-preprod.fr\/wp-content\/uploads\/sites\/8\/2025\/08\/conseils-d-experts-et-actualites-it-xefi-partenaire-informatique-tpe-pme-e1754057097501.jpg","type":"image\/jpeg"}],"twitter_card":"summary_large_image","schema":{"@context":"https:\/\/schema.org","@graph":[{"@type":"WebPage","@id":"http:\/\/belgique.dev-xefi.manitoba-preprod.fr\/en\/decouvrir-xefi-en\/a-propos-de-nous-en\/conseils-dexperts-et-actualites-en\/","url":"http:\/\/belgique.dev-xefi.manitoba-preprod.fr\/en\/decouvrir-xefi-en\/a-propos-de-nous-en\/conseils-dexperts-et-actualites-en\/","name":"Conseils d\u2019experts et Actualit\u00e9s EN - XEFI Belgique","isPartOf":{"@id":"https:\/\/belgique.dev-xefi.manitoba-preprod.fr\/en\/#website"},"primaryImageOfPage":{"@id":"http:\/\/belgique.dev-xefi.manitoba-preprod.fr\/en\/decouvrir-xefi-en\/a-propos-de-nous-en\/conseils-dexperts-et-actualites-en\/#primaryimage"},"image":{"@id":"http:\/\/belgique.dev-xefi.manitoba-preprod.fr\/en\/decouvrir-xefi-en\/a-propos-de-nous-en\/conseils-dexperts-et-actualites-en\/#primaryimage"},"thumbnailUrl":"http:\/\/belgique.dev-xefi.manitoba-preprod.fr\/wp-content\/uploads\/sites\/8\/2025\/08\/conseils-d-experts-et-actualites-it-xefi-partenaire-informatique-tpe-pme-e1754057097501.jpg","datePublished":"2025-05-05T09:23:08+00:00","dateModified":"2026-02-13T10:52:38+00:00","breadcrumb":{"@id":"http:\/\/belgique.dev-xefi.manitoba-preprod.fr\/en\/decouvrir-xefi-en\/a-propos-de-nous-en\/conseils-dexperts-et-actualites-en\/#breadcrumb"},"inLanguage":"en-US","potentialAction":[{"@type":"ReadAction","target":["http:\/\/belgique.dev-xefi.manitoba-preprod.fr\/en\/decouvrir-xefi-en\/a-propos-de-nous-en\/conseils-dexperts-et-actualites-en\/"]}]},{"@type":"ImageObject","inLanguage":"en-US","@id":"http:\/\/belgique.dev-xefi.manitoba-preprod.fr\/en\/decouvrir-xefi-en\/a-propos-de-nous-en\/conseils-dexperts-et-actualites-en\/#primaryimage","url":"http:\/\/belgique.dev-xefi.manitoba-preprod.fr\/wp-content\/uploads\/sites\/8\/2025\/08\/conseils-d-experts-et-actualites-it-xefi-partenaire-informatique-tpe-pme-e1754057097501.jpg","contentUrl":"http:\/\/belgique.dev-xefi.manitoba-preprod.fr\/wp-content\/uploads\/sites\/8\/2025\/08\/conseils-d-experts-et-actualites-it-xefi-partenaire-informatique-tpe-pme-e1754057097501.jpg","width":1920,"height":1280},{"@type":"BreadcrumbList","@id":"http:\/\/belgique.dev-xefi.manitoba-preprod.fr\/en\/decouvrir-xefi-en\/a-propos-de-nous-en\/conseils-dexperts-et-actualites-en\/#breadcrumb","itemListElement":[{"@type":"ListItem","position":1,"name":"Accueil","item":"https:\/\/belgique.dev-xefi.manitoba-preprod.fr\/en\/"},{"@type":"ListItem","position":2,"name":"D\u00e9couvrir XEFI EN","item":"https:\/\/belgique.dev-xefi.manitoba-preprod.fr\/en\/decouvrir-xefi-en\/"},{"@type":"ListItem","position":3,"name":"\u00c0 propos de nous EN","item":"https:\/\/belgique.dev-xefi.manitoba-preprod.fr\/en\/decouvrir-xefi-en\/a-propos-de-nous-en\/"},{"@type":"ListItem","position":4,"name":"Conseils d\u2019experts et Actualit\u00e9s EN"}]},{"@type":"WebSite","@id":"https:\/\/belgique.dev-xefi.manitoba-preprod.fr\/en\/#website","url":"https:\/\/belgique.dev-xefi.manitoba-preprod.fr\/en\/","name":"XEFI Belgique","description":"XEFI, PARTENAIRE INFORMATIQUE DE PROXIMIT\u00c9 DES TPE\/PME","potentialAction":[{"@type":"SearchAction","target":{"@type":"EntryPoint","urlTemplate":"https:\/\/belgique.dev-xefi.manitoba-preprod.fr\/en\/?s={search_term_string}"},"query-input":{"@type":"PropertyValueSpecification","valueRequired":true,"valueName":"search_term_string"}}],"inLanguage":"en-US"}]}},"_links":{"self":[{"href":"http:\/\/belgique.dev-xefi.manitoba-preprod.fr\/en\/wp-json\/wp\/v2\/pages\/11820","targetHints":{"allow":["GET"]}}],"collection":[{"href":"http:\/\/belgique.dev-xefi.manitoba-preprod.fr\/en\/wp-json\/wp\/v2\/pages"}],"about":[{"href":"http:\/\/belgique.dev-xefi.manitoba-preprod.fr\/en\/wp-json\/wp\/v2\/types\/page"}],"author":[{"embeddable":true,"href":"http:\/\/belgique.dev-xefi.manitoba-preprod.fr\/en\/wp-json\/wp\/v2\/users\/1"}],"replies":[{"embeddable":true,"href":"http:\/\/belgique.dev-xefi.manitoba-preprod.fr\/en\/wp-json\/wp\/v2\/comments?post=11820"}],"version-history":[{"count":3,"href":"http:\/\/belgique.dev-xefi.manitoba-preprod.fr\/en\/wp-json\/wp\/v2\/pages\/11820\/revisions"}],"predecessor-version":[{"id":12469,"href":"http:\/\/belgique.dev-xefi.manitoba-preprod.fr\/en\/wp-json\/wp\/v2\/pages\/11820\/revisions\/12469"}],"up":[{"embeddable":true,"href":"http:\/\/belgique.dev-xefi.manitoba-preprod.fr\/en\/wp-json\/wp\/v2\/pages\/11764"}],"wp:featuredmedia":[{"embeddable":true,"href":"http:\/\/belgique.dev-xefi.manitoba-preprod.fr\/en\/wp-json\/wp\/v2\/media\/11585"}],"wp:attachment":[{"href":"http:\/\/belgique.dev-xefi.manitoba-preprod.fr\/en\/wp-json\/wp\/v2\/media?parent=11820"}],"curies":[{"name":"wp","href":"https:\/\/api.w.org\/{rel}","templated":true}]}}