{"id":11769,"date":"2025-05-07T14:35:10","date_gmt":"2025-05-07T12:35:10","guid":{"rendered":"https:\/\/france.dev-xefi.manitoba-preprod.fr\/faq-en\/"},"modified":"2025-09-03T18:26:43","modified_gmt":"2025-09-03T16:26:43","slug":"faq-en","status":"publish","type":"page","link":"http:\/\/belgique.dev-xefi.manitoba-preprod.fr\/en\/faq-en\/","title":{"rendered":"FAQ EN"},"content":{"rendered":"\n<div class=\"wp-block-group is-content-justification-left is-layout-constrained wp-container-core-group-is-layout-b7c1a128 wp-block-group-is-layout-constrained\" style=\"padding-top:var(--wp--preset--spacing--80);padding-right:var(--wp--preset--spacing--50);padding-bottom:var(--wp--preset--spacing--80);padding-left:var(--wp--preset--spacing--50)\">\n<h2 class=\"wp-block-heading\" style=\"padding-top:0;padding-bottom:0\">MAINTENANCE<\/h2>\n\n\n<\/div>\n\n<div class=\"wp-block-group is-content-justification-left is-layout-constrained wp-container-core-group-is-layout-b7c1a128 wp-block-group-is-layout-constrained\" style=\"padding-top:var(--wp--preset--spacing--80);padding-right:var(--wp--preset--spacing--50);padding-bottom:var(--wp--preset--spacing--80);padding-left:var(--wp--preset--spacing--50)\">\n<h2 class=\"wp-block-heading\" style=\"padding-top:0;padding-bottom:0\">\u00c9QUIPEMENT<\/h2>\n\n\n<\/div>\n\n<div class=\"wp-block-group is-content-justification-left is-layout-constrained wp-container-core-group-is-layout-b7c1a128 wp-block-group-is-layout-constrained\" style=\"padding-top:var(--wp--preset--spacing--80);padding-right:var(--wp--preset--spacing--50);padding-bottom:var(--wp--preset--spacing--80);padding-left:var(--wp--preset--spacing--50)\">\n<h2 class=\"wp-block-heading\" style=\"padding-top:0;padding-bottom:0\">S\u00c9CURIT\u00c9<\/h2>\n\n\n<\/div>\n\n<div class=\"wp-block-group is-content-justification-left is-layout-constrained wp-container-core-group-is-layout-b7c1a128 wp-block-group-is-layout-constrained\" style=\"padding-top:var(--wp--preset--spacing--80);padding-right:var(--wp--preset--spacing--50);padding-bottom:var(--wp--preset--spacing--80);padding-left:var(--wp--preset--spacing--50)\">\n<h2 class=\"wp-block-heading\">CLOUD<\/h2>\n\n\n<\/div>\n\n<div class=\"wp-block-group is-content-justification-left is-layout-constrained wp-container-core-group-is-layout-b7c1a128 wp-block-group-is-layout-constrained\" style=\"padding-top:var(--wp--preset--spacing--80);padding-right:var(--wp--preset--spacing--50);padding-bottom:var(--wp--preset--spacing--80);padding-left:var(--wp--preset--spacing--50)\">\n<h2 class=\"wp-block-heading\">SOFTWARE<\/h2>\n\n\n<\/div>\n\n<div class=\"wp-block-group is-content-justification-left is-layout-constrained wp-container-core-group-is-layout-b7c1a128 wp-block-group-is-layout-constrained\" style=\"padding-top:var(--wp--preset--spacing--80);padding-right:var(--wp--preset--spacing--50);padding-bottom:var(--wp--preset--spacing--80);padding-left:var(--wp--preset--spacing--50)\">\n<h2 class=\"wp-block-heading\">FRANCHISE<\/h2>\n\n\n\t\t<div class=\"manitoba-faq-entries wp-block-manitoba-faq-faq-entries\" data-accordion-role=\"group\"\n\t\t\tdata-accordion-behavior=\"single\">\n\t\t\t\t\t\t\t<div class=\"manitoba-faq-item\" data-accordion-role=\"item\">\n\t\t\t\t\t<p class=\"manitoba-faq-question\">\n\t\t\t\t\t\t<button type=\"button\" id=\"faq-question-11767\" class=\"manitoba-faq-question-trigger\"\n\t\t\t\t\t\t\taria-expanded=\"false\" aria-controls=\"faq-answer-11767\">\n\t\t\t\t\t\t\t<span class=\"manitoba-faq-question-trigger-label\">Quel accompagnement est propos\u00e9 ? EN<\/span>\n\t\t\t\t\t\t<\/button>\n\t\t\t\t\t<\/p>\n\t\t\t\t\t<div class=\"manitoba-faq-answer\" id=\"faq-answer-11767\"\n\t\t\t\t\t\taria-labelledby=\"faq-question-11767\" hidden>\n\t\t\t\t\t\t\n<p>Vous \u00eates form\u00e9 et soutenu au quotidien : support technique, marketing, outils de gestion, back-office\u2026 Tout est pens\u00e9 pour s\u00e9curiser votre d\u00e9veloppement.<\/p>\n\n<p><\/p>\n\n\t\t\t\t\t\t\t\t\t\t\t<\/div>\n\t\t\t\t<\/div>\n\t\t\t\t\t<\/div>\n<\/div>\n","protected":false},"excerpt":{"rendered":"<p>MAINTENANCE \u00c9QUIPEMENT S\u00c9CURIT\u00c9 CLOUD SOFTWARE FRANCHISE<\/p>\n","protected":false},"author":1,"featured_media":0,"parent":0,"menu_order":65,"comment_status":"closed","ping_status":"closed","template":"","meta":{"_acf_changed":false,"footnotes":""},"class_list":["post-11769","page","type-page","status-publish","hentry","page_location-decouvrir-xefi"],"acf":[],"yoast_head":"<!-- This site is optimized with the Yoast SEO plugin v25.2 - https:\/\/yoast.com\/wordpress\/plugins\/seo\/ -->\n<title>FAQ EN - XEFI Belgique<\/title>\n<meta name=\"description\" content=\"Trouvez les r\u00e9ponses \u00e0 vos questions sur les solutions informatique XEFI : maintenance, cloud, \u00e9quipement, s\u00e9curit\u00e9 et digitalisation TPE\/PME.\" \/>\n<meta name=\"robots\" content=\"noindex, follow, max-snippet:-1, max-image-preview:large, max-video-preview:-1\" \/>\n<meta property=\"og:locale\" content=\"en_US\" \/>\n<meta property=\"og:type\" content=\"article\" \/>\n<meta property=\"og:title\" content=\"FAQ EN - XEFI Belgique\" \/>\n<meta property=\"og:description\" content=\"Trouvez les r\u00e9ponses \u00e0 vos questions sur les solutions informatique XEFI : maintenance, cloud, \u00e9quipement, s\u00e9curit\u00e9 et digitalisation TPE\/PME.\" \/>\n<meta property=\"og:url\" content=\"http:\/\/belgique.dev-xefi.manitoba-preprod.fr\/en\/faq-en\/\" \/>\n<meta property=\"og:site_name\" content=\"XEFI Belgique\" \/>\n<meta property=\"article:modified_time\" content=\"2025-09-03T16:26:43+00:00\" \/>\n<meta name=\"twitter:card\" content=\"summary_large_image\" \/>\n<script type=\"application\/ld+json\" class=\"yoast-schema-graph\">{\"@context\":\"https:\/\/schema.org\",\"@graph\":[{\"@type\":\"WebPage\",\"@id\":\"http:\/\/belgique.dev-xefi.manitoba-preprod.fr\/en\/faq-en\/\",\"url\":\"http:\/\/belgique.dev-xefi.manitoba-preprod.fr\/en\/faq-en\/\",\"name\":\"FAQ EN - XEFI Belgique\",\"isPartOf\":{\"@id\":\"https:\/\/belgique.dev-xefi.manitoba-preprod.fr\/en\/#website\"},\"datePublished\":\"2025-05-07T12:35:10+00:00\",\"dateModified\":\"2025-09-03T16:26:43+00:00\",\"description\":\"Trouvez les r\u00e9ponses \u00e0 vos questions sur les solutions informatique XEFI : maintenance, cloud, \u00e9quipement, s\u00e9curit\u00e9 et digitalisation TPE\/PME.\",\"breadcrumb\":{\"@id\":\"http:\/\/belgique.dev-xefi.manitoba-preprod.fr\/en\/faq-en\/#breadcrumb\"},\"inLanguage\":\"en-US\",\"potentialAction\":[{\"@type\":\"ReadAction\",\"target\":[\"http:\/\/belgique.dev-xefi.manitoba-preprod.fr\/en\/faq-en\/\"]}]},{\"@type\":\"BreadcrumbList\",\"@id\":\"http:\/\/belgique.dev-xefi.manitoba-preprod.fr\/en\/faq-en\/#breadcrumb\",\"itemListElement\":[{\"@type\":\"ListItem\",\"position\":1,\"name\":\"Accueil\",\"item\":\"https:\/\/belgique.dev-xefi.manitoba-preprod.fr\/en\/\"},{\"@type\":\"ListItem\",\"position\":2,\"name\":\"FAQ EN\"}]},{\"@type\":\"WebSite\",\"@id\":\"https:\/\/belgique.dev-xefi.manitoba-preprod.fr\/en\/#website\",\"url\":\"https:\/\/belgique.dev-xefi.manitoba-preprod.fr\/en\/\",\"name\":\"XEFI Belgique\",\"description\":\"XEFI, PARTENAIRE INFORMATIQUE DE PROXIMIT\u00c9 DES TPE\/PME\",\"potentialAction\":[{\"@type\":\"SearchAction\",\"target\":{\"@type\":\"EntryPoint\",\"urlTemplate\":\"https:\/\/belgique.dev-xefi.manitoba-preprod.fr\/en\/?s={search_term_string}\"},\"query-input\":{\"@type\":\"PropertyValueSpecification\",\"valueRequired\":true,\"valueName\":\"search_term_string\"}}],\"inLanguage\":\"en-US\"}]}<\/script>\n<!-- \/ Yoast SEO plugin. -->","yoast_head_json":{"title":"FAQ EN - XEFI Belgique","description":"Trouvez les r\u00e9ponses \u00e0 vos questions sur les solutions informatique XEFI : maintenance, cloud, \u00e9quipement, s\u00e9curit\u00e9 et digitalisation TPE\/PME.","robots":{"index":"noindex","follow":"follow","max-snippet":"max-snippet:-1","max-image-preview":"max-image-preview:large","max-video-preview":"max-video-preview:-1"},"og_locale":"en_US","og_type":"article","og_title":"FAQ EN - XEFI Belgique","og_description":"Trouvez les r\u00e9ponses \u00e0 vos questions sur les solutions informatique XEFI : maintenance, cloud, \u00e9quipement, s\u00e9curit\u00e9 et digitalisation TPE\/PME.","og_url":"http:\/\/belgique.dev-xefi.manitoba-preprod.fr\/en\/faq-en\/","og_site_name":"XEFI Belgique","article_modified_time":"2025-09-03T16:26:43+00:00","twitter_card":"summary_large_image","schema":{"@context":"https:\/\/schema.org","@graph":[{"@type":"WebPage","@id":"http:\/\/belgique.dev-xefi.manitoba-preprod.fr\/en\/faq-en\/","url":"http:\/\/belgique.dev-xefi.manitoba-preprod.fr\/en\/faq-en\/","name":"FAQ EN - XEFI Belgique","isPartOf":{"@id":"https:\/\/belgique.dev-xefi.manitoba-preprod.fr\/en\/#website"},"datePublished":"2025-05-07T12:35:10+00:00","dateModified":"2025-09-03T16:26:43+00:00","description":"Trouvez les r\u00e9ponses \u00e0 vos questions sur les solutions informatique XEFI : maintenance, cloud, \u00e9quipement, s\u00e9curit\u00e9 et digitalisation TPE\/PME.","breadcrumb":{"@id":"http:\/\/belgique.dev-xefi.manitoba-preprod.fr\/en\/faq-en\/#breadcrumb"},"inLanguage":"en-US","potentialAction":[{"@type":"ReadAction","target":["http:\/\/belgique.dev-xefi.manitoba-preprod.fr\/en\/faq-en\/"]}]},{"@type":"BreadcrumbList","@id":"http:\/\/belgique.dev-xefi.manitoba-preprod.fr\/en\/faq-en\/#breadcrumb","itemListElement":[{"@type":"ListItem","position":1,"name":"Accueil","item":"https:\/\/belgique.dev-xefi.manitoba-preprod.fr\/en\/"},{"@type":"ListItem","position":2,"name":"FAQ EN"}]},{"@type":"WebSite","@id":"https:\/\/belgique.dev-xefi.manitoba-preprod.fr\/en\/#website","url":"https:\/\/belgique.dev-xefi.manitoba-preprod.fr\/en\/","name":"XEFI Belgique","description":"XEFI, PARTENAIRE INFORMATIQUE DE PROXIMIT\u00c9 DES TPE\/PME","potentialAction":[{"@type":"SearchAction","target":{"@type":"EntryPoint","urlTemplate":"https:\/\/belgique.dev-xefi.manitoba-preprod.fr\/en\/?s={search_term_string}"},"query-input":{"@type":"PropertyValueSpecification","valueRequired":true,"valueName":"search_term_string"}}],"inLanguage":"en-US"}]}},"_links":{"self":[{"href":"http:\/\/belgique.dev-xefi.manitoba-preprod.fr\/en\/wp-json\/wp\/v2\/pages\/11769","targetHints":{"allow":["GET"]}}],"collection":[{"href":"http:\/\/belgique.dev-xefi.manitoba-preprod.fr\/en\/wp-json\/wp\/v2\/pages"}],"about":[{"href":"http:\/\/belgique.dev-xefi.manitoba-preprod.fr\/en\/wp-json\/wp\/v2\/types\/page"}],"author":[{"embeddable":true,"href":"http:\/\/belgique.dev-xefi.manitoba-preprod.fr\/en\/wp-json\/wp\/v2\/users\/1"}],"replies":[{"embeddable":true,"href":"http:\/\/belgique.dev-xefi.manitoba-preprod.fr\/en\/wp-json\/wp\/v2\/comments?post=11769"}],"version-history":[{"count":0,"href":"http:\/\/belgique.dev-xefi.manitoba-preprod.fr\/en\/wp-json\/wp\/v2\/pages\/11769\/revisions"}],"wp:attachment":[{"href":"http:\/\/belgique.dev-xefi.manitoba-preprod.fr\/en\/wp-json\/wp\/v2\/media?parent=11769"}],"curies":[{"name":"wp","href":"https:\/\/api.w.org\/{rel}","templated":true}]}}